{"id":642,"date":"2021-04-05T09:35:23","date_gmt":"2021-04-05T08:35:23","guid":{"rendered":"https:\/\/test.julienkessels.xyz\/?page_id=642"},"modified":"2021-12-27T14:51:38","modified_gmt":"2021-12-27T14:51:38","slug":"wuertschatz","status":"publish","type":"page","link":"https:\/\/aurelux.lu\/index.php\/wuertschatz\/","title":{"rendered":"Wuertschatz"},"content":{"rendered":"\t\t<div data-elementor-type=\"wp-page\" data-elementor-id=\"642\" class=\"elementor elementor-642\">\n\t\t\t\t\r\n\t\t<section class=\"elementor-section elementor-top-section elementor-element elementor-element-748bebe elementor-section-boxed elementor-section-height-default elementor-section-height-default false\" data-id=\"748bebe\" data-element_type=\"section\">\n\t\t\t\t\t\t<div class=\"elementor-container elementor-column-gap-default\">\n\t\t\t\t\t<div class=\"elementor-column elementor-col-100 elementor-top-column elementor-element elementor-element-e40b754\" data-id=\"e40b754\" data-element_type=\"column\">\n\t\t\t<div class=\"elementor-widget-wrap elementor-element-populated\">\n\t\t\t\t\t\t<div class=\"elementor-element elementor-element-d587366 false elementor-widget elementor-widget-heading\" data-id=\"d587366\" data-element_type=\"widget\" data-widget_type=\"heading.default\">\n\t\t\t\t<div class=\"elementor-widget-container\">\n\t\t\t\t\t<h2 class=\"elementor-heading-title elementor-size-default\">Wuertschatz<\/h2>\t\t\t\t<\/div>\n\t\t\t\t<\/div>\n\t\t\t\t\t<\/div>\n\t\t<\/div>\n\t\t\t\t\t<\/div>\n\t\t<\/section>\n\t\t\t\t<section class=\"elementor-section elementor-top-section elementor-element elementor-element-59cd2ce4 elementor-section-boxed elementor-section-height-default elementor-section-height-default false\" data-id=\"59cd2ce4\" data-element_type=\"section\">\n\t\t\t\t\t\t<div class=\"elementor-container elementor-column-gap-default\">\n\t\t\t\t\t<div class=\"elementor-column elementor-col-33 elementor-top-column elementor-element elementor-element-5ad16c83\" data-id=\"5ad16c83\" data-element_type=\"column\">\n\t\t\t<div class=\"elementor-widget-wrap\">\n\t\t\t\t\t\t\t<\/div>\n\t\t<\/div>\n\t\t\t\t<div class=\"elementor-column elementor-col-33 elementor-top-column elementor-element elementor-element-5e6bd151\" data-id=\"5e6bd151\" data-element_type=\"column\">\n\t\t\t<div class=\"elementor-widget-wrap elementor-element-populated\">\n\t\t\t\t\t\t<div class=\"elementor-element elementor-element-494c60d6 false elementor-widget elementor-widget-heading\" data-id=\"494c60d6\" data-element_type=\"widget\" data-widget_type=\"heading.default\">\n\t\t\t\t<div class=\"elementor-widget-container\">\n\t\t\t\t\t<h6 class=\"elementor-heading-title elementor-size-default\">Avec plus de 3000 mots et audios, cette nouvelle application vous aide \u00e0 vous entra\u00eener sur le vocabulaire luxembourgeois. Wuertschatz vous aide \u00e0 rep\u00e9rer vos difficult\u00e9s et \u00e0 les surmonter gr\u00e2ce \u00e0 son algorithme intelligent. Choisissez une ou plusieurs th\u00e9matiques, et testez vous !\u200b<\/h6>\t\t\t\t<\/div>\n\t\t\t\t<\/div>\n\t\t\t\t\t<\/div>\n\t\t<\/div>\n\t\t\t\t<div class=\"elementor-column elementor-col-33 elementor-top-column elementor-element elementor-element-6bdce05f\" data-id=\"6bdce05f\" data-element_type=\"column\">\n\t\t\t<div class=\"elementor-widget-wrap\">\n\t\t\t\t\t\t\t<\/div>\n\t\t<\/div>\n\t\t\t\t\t<\/div>\n\t\t<\/section>\n\t\t\t\t<section class=\"elementor-section elementor-top-section elementor-element elementor-element-c1f9088 elementor-hidden-desktop elementor-hidden-tablet elementor-section-boxed elementor-section-height-default elementor-section-height-default false\" data-id=\"c1f9088\" data-element_type=\"section\" data-settings=\"{&quot;background_background&quot;:&quot;classic&quot;}\">\n\t\t\t\t\t\t<div class=\"elementor-container elementor-column-gap-default\">\n\t\t\t\t\t<div class=\"elementor-column elementor-col-100 elementor-top-column elementor-element elementor-element-9eba381\" data-id=\"9eba381\" data-element_type=\"column\">\n\t\t\t<div class=\"elementor-widget-wrap elementor-element-populated\">\n\t\t\t\t\t\t<div class=\"elementor-element elementor-element-72d0f7f elementor-align-center elementor-widget elementor-widget-button\" data-id=\"72d0f7f\" data-element_type=\"widget\" data-widget_type=\"button.default\">\n\t\t\t\t<div class=\"elementor-widget-container\">\n\t\t\t\t\t\t\t\t\t<div class=\"elementor-button-wrapper\">\n\t\t\t\t\t<a class=\"elementor-button elementor-button-link elementor-size-sm\" href=\"https:\/\/aurelux.lu\/wuertschatz.php\">\n\t\t\t\t\t\t<span class=\"elementor-button-content-wrapper\">\n\t\t\t\t\t\t\t\t\t<span class=\"elementor-button-text\">T\u00e9l\u00e9charger<\/span>\n\t\t\t\t\t<\/span>\n\t\t\t\t\t<\/a>\n\t\t\t\t<\/div>\n\t\t\t\t\t\t\t\t<\/div>\n\t\t\t\t<\/div>\n\t\t\t\t\t<\/div>\n\t\t<\/div>\n\t\t\t\t\t<\/div>\n\t\t<\/section>\n\t\t\t\t<section class=\"elementor-section elementor-top-section elementor-element elementor-element-12fc01b elementor-section-boxed elementor-section-height-default elementor-section-height-default false\" data-id=\"12fc01b\" data-element_type=\"section\">\n\t\t\t\t\t\t<div class=\"elementor-container elementor-column-gap-default\">\n\t\t\t\t\t<div class=\"elementor-column elementor-col-25 elementor-top-column elementor-element elementor-element-b5335f2\" data-id=\"b5335f2\" data-element_type=\"column\">\n\t\t\t<div class=\"elementor-widget-wrap elementor-element-populated\">\n\t\t\t\t\t\t<div class=\"elementor-element elementor-element-cee60e3 none none false false none-data-animation false elementor-widget elementor-widget-image\" data-id=\"cee60e3\" data-element_type=\"widget\" data-widget_type=\"image.default\">\n\t\t\t\t<div class=\"elementor-widget-container\">\n\t\t\t\t\t\t\t\t\t\t\t\t\t\t\t<img fetchpriority=\"high\" decoding=\"async\" width=\"576\" height=\"1024\" src=\"https:\/\/aurelux.lu\/wp-content\/uploads\/2021\/12\/unnamed-576x1024.webp\" class=\"attachment-large size-large wp-image-1035\" alt=\"\" srcset=\"https:\/\/aurelux.lu\/wp-content\/uploads\/2021\/12\/unnamed-576x1024.webp 576w, https:\/\/aurelux.lu\/wp-content\/uploads\/2021\/12\/unnamed-600x1067.webp 600w, https:\/\/aurelux.lu\/wp-content\/uploads\/2021\/12\/unnamed-169x300.webp 169w, https:\/\/aurelux.lu\/wp-content\/uploads\/2021\/12\/unnamed-768x1366.webp 768w, https:\/\/aurelux.lu\/wp-content\/uploads\/2021\/12\/unnamed-864x1536.webp 864w, https:\/\/aurelux.lu\/wp-content\/uploads\/2021\/12\/unnamed-7x12.webp 7w, https:\/\/aurelux.lu\/wp-content\/uploads\/2021\/12\/unnamed.webp 928w\" sizes=\"(max-width: 576px) 100vw, 576px\" \/>\t\t\t\t\t\t\t\t\t\t\t\t\t\t\t<\/div>\n\t\t\t\t<\/div>\n\t\t\t\t\t<\/div>\n\t\t<\/div>\n\t\t\t\t<div class=\"elementor-column elementor-col-25 elementor-top-column elementor-element elementor-element-caebaed\" data-id=\"caebaed\" data-element_type=\"column\">\n\t\t\t<div class=\"elementor-widget-wrap elementor-element-populated\">\n\t\t\t\t\t\t<div class=\"elementor-element elementor-element-ef37a67 none none false false none-data-animation false elementor-widget elementor-widget-image\" data-id=\"ef37a67\" data-element_type=\"widget\" data-widget_type=\"image.default\">\n\t\t\t\t<div class=\"elementor-widget-container\">\n\t\t\t\t\t\t\t\t\t\t\t\t\t\t\t<img decoding=\"async\" width=\"576\" height=\"1024\" src=\"https:\/\/aurelux.lu\/wp-content\/uploads\/2021\/12\/unnamed2-576x1024.webp\" class=\"attachment-large size-large wp-image-1036\" alt=\"\" srcset=\"https:\/\/aurelux.lu\/wp-content\/uploads\/2021\/12\/unnamed2-576x1024.webp 576w, https:\/\/aurelux.lu\/wp-content\/uploads\/2021\/12\/unnamed2-600x1067.webp 600w, https:\/\/aurelux.lu\/wp-content\/uploads\/2021\/12\/unnamed2-169x300.webp 169w, https:\/\/aurelux.lu\/wp-content\/uploads\/2021\/12\/unnamed2-768x1366.webp 768w, https:\/\/aurelux.lu\/wp-content\/uploads\/2021\/12\/unnamed2-864x1536.webp 864w, https:\/\/aurelux.lu\/wp-content\/uploads\/2021\/12\/unnamed2-7x12.webp 7w, https:\/\/aurelux.lu\/wp-content\/uploads\/2021\/12\/unnamed2.webp 928w\" sizes=\"(max-width: 576px) 100vw, 576px\" \/>\t\t\t\t\t\t\t\t\t\t\t\t\t\t\t<\/div>\n\t\t\t\t<\/div>\n\t\t\t\t\t<\/div>\n\t\t<\/div>\n\t\t\t\t<div class=\"elementor-column elementor-col-25 elementor-top-column elementor-element elementor-element-4ecaee6\" data-id=\"4ecaee6\" data-element_type=\"column\">\n\t\t\t<div class=\"elementor-widget-wrap elementor-element-populated\">\n\t\t\t\t\t\t<div class=\"elementor-element elementor-element-eea43a5 none none false false none-data-animation false elementor-widget elementor-widget-image\" data-id=\"eea43a5\" data-element_type=\"widget\" data-widget_type=\"image.default\">\n\t\t\t\t<div class=\"elementor-widget-container\">\n\t\t\t\t\t\t\t\t\t\t\t\t\t\t\t<img decoding=\"async\" width=\"576\" height=\"1024\" src=\"https:\/\/aurelux.lu\/wp-content\/uploads\/2021\/12\/unnamed3-576x1024.webp\" class=\"attachment-large size-large wp-image-1037\" alt=\"\" srcset=\"https:\/\/aurelux.lu\/wp-content\/uploads\/2021\/12\/unnamed3-576x1024.webp 576w, https:\/\/aurelux.lu\/wp-content\/uploads\/2021\/12\/unnamed3-600x1067.webp 600w, https:\/\/aurelux.lu\/wp-content\/uploads\/2021\/12\/unnamed3-169x300.webp 169w, https:\/\/aurelux.lu\/wp-content\/uploads\/2021\/12\/unnamed3-768x1366.webp 768w, https:\/\/aurelux.lu\/wp-content\/uploads\/2021\/12\/unnamed3-864x1536.webp 864w, https:\/\/aurelux.lu\/wp-content\/uploads\/2021\/12\/unnamed3-7x12.webp 7w, https:\/\/aurelux.lu\/wp-content\/uploads\/2021\/12\/unnamed3.webp 928w\" sizes=\"(max-width: 576px) 100vw, 576px\" \/>\t\t\t\t\t\t\t\t\t\t\t\t\t\t\t<\/div>\n\t\t\t\t<\/div>\n\t\t\t\t\t<\/div>\n\t\t<\/div>\n\t\t\t\t<div class=\"elementor-column elementor-col-25 elementor-top-column elementor-element elementor-element-b392f26\" data-id=\"b392f26\" data-element_type=\"column\">\n\t\t\t<div class=\"elementor-widget-wrap elementor-element-populated\">\n\t\t\t\t\t\t<div class=\"elementor-element elementor-element-4102d72 none none false false none-data-animation false elementor-widget elementor-widget-image\" data-id=\"4102d72\" data-element_type=\"widget\" data-widget_type=\"image.default\">\n\t\t\t\t<div class=\"elementor-widget-container\">\n\t\t\t\t\t\t\t\t\t\t\t\t\t\t\t<img loading=\"lazy\" decoding=\"async\" width=\"576\" height=\"1024\" src=\"https:\/\/aurelux.lu\/wp-content\/uploads\/2021\/12\/unnamed4-576x1024.webp\" class=\"attachment-large size-large wp-image-1038\" alt=\"\" srcset=\"https:\/\/aurelux.lu\/wp-content\/uploads\/2021\/12\/unnamed4-576x1024.webp 576w, https:\/\/aurelux.lu\/wp-content\/uploads\/2021\/12\/unnamed4-600x1067.webp 600w, https:\/\/aurelux.lu\/wp-content\/uploads\/2021\/12\/unnamed4-169x300.webp 169w, https:\/\/aurelux.lu\/wp-content\/uploads\/2021\/12\/unnamed4-768x1366.webp 768w, https:\/\/aurelux.lu\/wp-content\/uploads\/2021\/12\/unnamed4-864x1536.webp 864w, https:\/\/aurelux.lu\/wp-content\/uploads\/2021\/12\/unnamed4-7x12.webp 7w, https:\/\/aurelux.lu\/wp-content\/uploads\/2021\/12\/unnamed4.webp 928w\" sizes=\"(max-width: 576px) 100vw, 576px\" \/>\t\t\t\t\t\t\t\t\t\t\t\t\t\t\t<\/div>\n\t\t\t\t<\/div>\n\t\t\t\t\t<\/div>\n\t\t<\/div>\n\t\t\t\t\t<\/div>\n\t\t<\/section>\n\t\t\t\t<section class=\"elementor-section elementor-top-section elementor-element elementor-element-647da458 elementor-section-boxed elementor-section-height-default elementor-section-height-default false\" data-id=\"647da458\" data-element_type=\"section\" data-settings=\"{&quot;background_background&quot;:&quot;classic&quot;}\">\n\t\t\t\t\t\t<div class=\"elementor-container elementor-column-gap-default\">\n\t\t\t\t\t<div class=\"elementor-column elementor-col-20 elementor-top-column elementor-element elementor-element-21077423\" data-id=\"21077423\" data-element_type=\"column\">\n\t\t\t<div class=\"elementor-widget-wrap\">\n\t\t\t\t\t\t\t<\/div>\n\t\t<\/div>\n\t\t\t\t<div class=\"elementor-column elementor-col-20 elementor-top-column elementor-element elementor-element-17bf85d3\" data-id=\"17bf85d3\" data-element_type=\"column\">\n\t\t\t<div class=\"elementor-widget-wrap elementor-element-populated\">\n\t\t\t\t\t\t<div class=\"elementor-element elementor-element-4797a05f none none false false none-data-animation false elementor-widget elementor-widget-image\" data-id=\"4797a05f\" data-element_type=\"widget\" data-widget_type=\"image.default\">\n\t\t\t\t<div class=\"elementor-widget-container\">\n\t\t\t\t\t\t\t\t\t\t\t\t\t\t\t\t<a href=\"https:\/\/itunes.apple.com\/\/app\/wuertschatz\/id1472781707?mt=8\">\n\t\t\t\t\t\t\t<img loading=\"lazy\" decoding=\"async\" width=\"200\" height=\"60\" src=\"https:\/\/aurelux.lu\/wp-content\/uploads\/2021\/04\/appstore.png\" class=\"attachment-large size-large wp-image-598\" alt=\"\" \/>\t\t\t\t\t\t\t\t<\/a>\n\t\t\t\t\t\t\t\t\t\t\t\t\t\t\t<\/div>\n\t\t\t\t<\/div>\n\t\t\t\t\t<\/div>\n\t\t<\/div>\n\t\t\t\t<div class=\"elementor-column elementor-col-20 elementor-top-column elementor-element elementor-element-258f5ebc\" data-id=\"258f5ebc\" data-element_type=\"column\">\n\t\t\t<div class=\"elementor-widget-wrap elementor-element-populated\">\n\t\t\t\t\t\t<div class=\"elementor-element elementor-element-539e5a81 elementor-align-center elementor-widget elementor-widget-button\" data-id=\"539e5a81\" data-element_type=\"widget\" data-widget_type=\"button.default\">\n\t\t\t\t<div class=\"elementor-widget-container\">\n\t\t\t\t\t\t\t\t\t<div class=\"elementor-button-wrapper\">\n\t\t\t\t\t<a class=\"elementor-button elementor-button-link elementor-size-sm\" href=\"https:\/\/aurelux.lu\/wuertschatz.php\">\n\t\t\t\t\t\t<span class=\"elementor-button-content-wrapper\">\n\t\t\t\t\t\t\t\t\t<span class=\"elementor-button-text\">T\u00e9l\u00e9charger<\/span>\n\t\t\t\t\t<\/span>\n\t\t\t\t\t<\/a>\n\t\t\t\t<\/div>\n\t\t\t\t\t\t\t\t<\/div>\n\t\t\t\t<\/div>\n\t\t\t\t\t<\/div>\n\t\t<\/div>\n\t\t\t\t<div class=\"elementor-column elementor-col-20 elementor-top-column elementor-element elementor-element-1cbe000d\" data-id=\"1cbe000d\" data-element_type=\"column\">\n\t\t\t<div class=\"elementor-widget-wrap elementor-element-populated\">\n\t\t\t\t\t\t<div class=\"elementor-element elementor-element-17323b95 none none false false none-data-animation false elementor-widget elementor-widget-image\" data-id=\"17323b95\" data-element_type=\"widget\" data-widget_type=\"image.default\">\n\t\t\t\t<div class=\"elementor-widget-container\">\n\t\t\t\t\t\t\t\t\t\t\t\t\t\t\t\t<a href=\"https:\/\/play.google.com\/store\/apps\/details?id=com.wuertschatz\">\n\t\t\t\t\t\t\t<img loading=\"lazy\" decoding=\"async\" width=\"200\" height=\"60\" src=\"https:\/\/aurelux.lu\/wp-content\/uploads\/2021\/04\/playstore.png\" class=\"attachment-large size-large wp-image-599\" alt=\"\" \/>\t\t\t\t\t\t\t\t<\/a>\n\t\t\t\t\t\t\t\t\t\t\t\t\t\t\t<\/div>\n\t\t\t\t<\/div>\n\t\t\t\t\t<\/div>\n\t\t<\/div>\n\t\t\t\t<div class=\"elementor-column elementor-col-20 elementor-top-column elementor-element elementor-element-398ad4c\" data-id=\"398ad4c\" data-element_type=\"column\">\n\t\t\t<div class=\"elementor-widget-wrap\">\n\t\t\t\t\t\t\t<\/div>\n\t\t<\/div>\n\t\t\t\t\t<\/div>\n\t\t<\/section>\n\t\t\t\t<\/div>\n\t\t","protected":false},"excerpt":{"rendered":"<p>Wuertschatz Avec plus de 3000 mots et audios, cette nouvelle application vous aide \u00e0 vous entra\u00eener sur le vocabulaire luxembourgeois. Wuertschatz vous aide \u00e0 rep\u00e9rer vos difficult\u00e9s et \u00e0 les surmonter gr\u00e2ce \u00e0 son algorithme intelligent. Choisissez une ou plusieurs th\u00e9matiques, et testez vous !\u200b T\u00e9l\u00e9charger T\u00e9l\u00e9charger<\/p>\n","protected":false},"author":1,"featured_media":0,"parent":0,"menu_order":0,"comment_status":"closed","ping_status":"closed","template":"","meta":{"content-type":"","footnotes":""},"class_list":["post-642","page","type-page","status-publish","hentry"],"yoast_head":"<!-- This site is optimized with the Yoast SEO plugin v26.5 - https:\/\/yoast.com\/wordpress\/plugins\/seo\/ -->\n<title>Wuertschatz - Aurelux : Language Courses<\/title>\n<meta name=\"robots\" content=\"index, follow, max-snippet:-1, max-image-preview:large, max-video-preview:-1\" \/>\n<link rel=\"canonical\" href=\"https:\/\/aurelux.lu\/index.php\/wuertschatz\/?lang=en\" \/>\n<meta property=\"og:locale\" content=\"fr_FR\" \/>\n<meta property=\"og:type\" content=\"article\" \/>\n<meta property=\"og:title\" content=\"Wuertschatz - Aurelux : Language Courses\" \/>\n<meta property=\"og:description\" content=\"Wuertschatz Avec plus de 3000 mots et audios, cette nouvelle application vous aide \u00e0 vous entra\u00eener sur le vocabulaire luxembourgeois. Wuertschatz vous aide \u00e0 rep\u00e9rer vos difficult\u00e9s et \u00e0 les surmonter gr\u00e2ce \u00e0 son algorithme intelligent. Choisissez une ou plusieurs th\u00e9matiques, et testez vous !\u200b T\u00e9l\u00e9charger T\u00e9l\u00e9charger\" \/>\n<meta property=\"og:url\" content=\"https:\/\/aurelux.lu\/index.php\/wuertschatz\/?lang=en\" \/>\n<meta property=\"og:site_name\" content=\"Aurelux : Language Courses\" \/>\n<meta property=\"article:publisher\" content=\"https:\/\/www.facebook.com\/aurelux\" \/>\n<meta property=\"article:modified_time\" content=\"2021-12-27T14:51:38+00:00\" \/>\n<meta property=\"og:image\" content=\"https:\/\/aurelux.lu\/wp-content\/uploads\/2021\/12\/unnamed-576x1024.webp\" \/>\n<meta name=\"twitter:card\" content=\"summary_large_image\" \/>\n<script type=\"application\/ld+json\" class=\"yoast-schema-graph\">{\"@context\":\"https:\/\/schema.org\",\"@graph\":[{\"@type\":\"WebPage\",\"@id\":\"https:\/\/aurelux.lu\/index.php\/wuertschatz\/?lang=en\",\"url\":\"https:\/\/aurelux.lu\/index.php\/wuertschatz\/?lang=en\",\"name\":\"Wuertschatz - Aurelux : Language Courses\",\"isPartOf\":{\"@id\":\"https:\/\/aurelux.lu\/#website\"},\"primaryImageOfPage\":{\"@id\":\"https:\/\/aurelux.lu\/index.php\/wuertschatz\/?lang=en#primaryimage\"},\"image\":{\"@id\":\"https:\/\/aurelux.lu\/index.php\/wuertschatz\/?lang=en#primaryimage\"},\"thumbnailUrl\":\"https:\/\/aurelux.lu\/wp-content\/uploads\/2021\/12\/unnamed-576x1024.webp\",\"datePublished\":\"2021-04-05T08:35:23+00:00\",\"dateModified\":\"2021-12-27T14:51:38+00:00\",\"breadcrumb\":{\"@id\":\"https:\/\/aurelux.lu\/index.php\/wuertschatz\/?lang=en#breadcrumb\"},\"inLanguage\":\"fr-FR\",\"potentialAction\":[{\"@type\":\"ReadAction\",\"target\":[\"https:\/\/aurelux.lu\/index.php\/wuertschatz\/?lang=en\"]}]},{\"@type\":\"ImageObject\",\"inLanguage\":\"fr-FR\",\"@id\":\"https:\/\/aurelux.lu\/index.php\/wuertschatz\/?lang=en#primaryimage\",\"url\":\"https:\/\/aurelux.lu\/wp-content\/uploads\/2021\/12\/unnamed-576x1024.webp\",\"contentUrl\":\"https:\/\/aurelux.lu\/wp-content\/uploads\/2021\/12\/unnamed-576x1024.webp\"},{\"@type\":\"BreadcrumbList\",\"@id\":\"https:\/\/aurelux.lu\/index.php\/wuertschatz\/?lang=en#breadcrumb\",\"itemListElement\":[{\"@type\":\"ListItem\",\"position\":1,\"name\":\"Home\",\"item\":\"https:\/\/aurelux.lu\/\"},{\"@type\":\"ListItem\",\"position\":2,\"name\":\"Wuertschatz\"}]},{\"@type\":\"WebSite\",\"@id\":\"https:\/\/aurelux.lu\/#website\",\"url\":\"https:\/\/aurelux.lu\/\",\"name\":\"Aurelux\",\"description\":\"Application pour apprendre le luxembourgeois\",\"publisher\":{\"@id\":\"https:\/\/aurelux.lu\/#organization\"},\"potentialAction\":[{\"@type\":\"SearchAction\",\"target\":{\"@type\":\"EntryPoint\",\"urlTemplate\":\"https:\/\/aurelux.lu\/?s={search_term_string}\"},\"query-input\":{\"@type\":\"PropertyValueSpecification\",\"valueRequired\":true,\"valueName\":\"search_term_string\"}}],\"inLanguage\":\"fr-FR\"},{\"@type\":\"Organization\",\"@id\":\"https:\/\/aurelux.lu\/#organization\",\"name\":\"Aurelux\",\"url\":\"https:\/\/aurelux.lu\/\",\"logo\":{\"@type\":\"ImageObject\",\"inLanguage\":\"fr-FR\",\"@id\":\"https:\/\/aurelux.lu\/#\/schema\/logo\/image\/\",\"url\":\"https:\/\/aurelux.lu\/wp-content\/uploads\/2025\/08\/cropped-Mask-1.png\",\"contentUrl\":\"https:\/\/aurelux.lu\/wp-content\/uploads\/2025\/08\/cropped-Mask-1.png\",\"width\":512,\"height\":512,\"caption\":\"Aurelux\"},\"image\":{\"@id\":\"https:\/\/aurelux.lu\/#\/schema\/logo\/image\/\"},\"sameAs\":[\"https:\/\/www.facebook.com\/aurelux\",\"https:\/\/www.instagram.com\/aurelux_sarl\/\"]}]}<\/script>\n<!-- \/ Yoast SEO plugin. -->","yoast_head_json":{"title":"Wuertschatz - Aurelux : Language Courses","robots":{"index":"index","follow":"follow","max-snippet":"max-snippet:-1","max-image-preview":"max-image-preview:large","max-video-preview":"max-video-preview:-1"},"canonical":"https:\/\/aurelux.lu\/index.php\/wuertschatz\/?lang=en","og_locale":"fr_FR","og_type":"article","og_title":"Wuertschatz - Aurelux : Language Courses","og_description":"Wuertschatz Avec plus de 3000 mots et audios, cette nouvelle application vous aide \u00e0 vous entra\u00eener sur le vocabulaire luxembourgeois. Wuertschatz vous aide \u00e0 rep\u00e9rer vos difficult\u00e9s et \u00e0 les surmonter gr\u00e2ce \u00e0 son algorithme intelligent. Choisissez une ou plusieurs th\u00e9matiques, et testez vous !\u200b T\u00e9l\u00e9charger T\u00e9l\u00e9charger","og_url":"https:\/\/aurelux.lu\/index.php\/wuertschatz\/?lang=en","og_site_name":"Aurelux : Language Courses","article_publisher":"https:\/\/www.facebook.com\/aurelux","article_modified_time":"2021-12-27T14:51:38+00:00","og_image":[{"url":"https:\/\/aurelux.lu\/wp-content\/uploads\/2021\/12\/unnamed-576x1024.webp","type":"","width":"","height":""}],"twitter_card":"summary_large_image","schema":{"@context":"https:\/\/schema.org","@graph":[{"@type":"WebPage","@id":"https:\/\/aurelux.lu\/index.php\/wuertschatz\/?lang=en","url":"https:\/\/aurelux.lu\/index.php\/wuertschatz\/?lang=en","name":"Wuertschatz - Aurelux : Language Courses","isPartOf":{"@id":"https:\/\/aurelux.lu\/#website"},"primaryImageOfPage":{"@id":"https:\/\/aurelux.lu\/index.php\/wuertschatz\/?lang=en#primaryimage"},"image":{"@id":"https:\/\/aurelux.lu\/index.php\/wuertschatz\/?lang=en#primaryimage"},"thumbnailUrl":"https:\/\/aurelux.lu\/wp-content\/uploads\/2021\/12\/unnamed-576x1024.webp","datePublished":"2021-04-05T08:35:23+00:00","dateModified":"2021-12-27T14:51:38+00:00","breadcrumb":{"@id":"https:\/\/aurelux.lu\/index.php\/wuertschatz\/?lang=en#breadcrumb"},"inLanguage":"fr-FR","potentialAction":[{"@type":"ReadAction","target":["https:\/\/aurelux.lu\/index.php\/wuertschatz\/?lang=en"]}]},{"@type":"ImageObject","inLanguage":"fr-FR","@id":"https:\/\/aurelux.lu\/index.php\/wuertschatz\/?lang=en#primaryimage","url":"https:\/\/aurelux.lu\/wp-content\/uploads\/2021\/12\/unnamed-576x1024.webp","contentUrl":"https:\/\/aurelux.lu\/wp-content\/uploads\/2021\/12\/unnamed-576x1024.webp"},{"@type":"BreadcrumbList","@id":"https:\/\/aurelux.lu\/index.php\/wuertschatz\/?lang=en#breadcrumb","itemListElement":[{"@type":"ListItem","position":1,"name":"Home","item":"https:\/\/aurelux.lu\/"},{"@type":"ListItem","position":2,"name":"Wuertschatz"}]},{"@type":"WebSite","@id":"https:\/\/aurelux.lu\/#website","url":"https:\/\/aurelux.lu\/","name":"Aurelux","description":"Application pour apprendre le luxembourgeois","publisher":{"@id":"https:\/\/aurelux.lu\/#organization"},"potentialAction":[{"@type":"SearchAction","target":{"@type":"EntryPoint","urlTemplate":"https:\/\/aurelux.lu\/?s={search_term_string}"},"query-input":{"@type":"PropertyValueSpecification","valueRequired":true,"valueName":"search_term_string"}}],"inLanguage":"fr-FR"},{"@type":"Organization","@id":"https:\/\/aurelux.lu\/#organization","name":"Aurelux","url":"https:\/\/aurelux.lu\/","logo":{"@type":"ImageObject","inLanguage":"fr-FR","@id":"https:\/\/aurelux.lu\/#\/schema\/logo\/image\/","url":"https:\/\/aurelux.lu\/wp-content\/uploads\/2025\/08\/cropped-Mask-1.png","contentUrl":"https:\/\/aurelux.lu\/wp-content\/uploads\/2025\/08\/cropped-Mask-1.png","width":512,"height":512,"caption":"Aurelux"},"image":{"@id":"https:\/\/aurelux.lu\/#\/schema\/logo\/image\/"},"sameAs":["https:\/\/www.facebook.com\/aurelux","https:\/\/www.instagram.com\/aurelux_sarl\/"]}]}},"_links":{"self":[{"href":"https:\/\/aurelux.lu\/index.php\/wp-json\/wp\/v2\/pages\/642","targetHints":{"allow":["GET"]}}],"collection":[{"href":"https:\/\/aurelux.lu\/index.php\/wp-json\/wp\/v2\/pages"}],"about":[{"href":"https:\/\/aurelux.lu\/index.php\/wp-json\/wp\/v2\/types\/page"}],"author":[{"embeddable":true,"href":"https:\/\/aurelux.lu\/index.php\/wp-json\/wp\/v2\/users\/1"}],"replies":[{"embeddable":true,"href":"https:\/\/aurelux.lu\/index.php\/wp-json\/wp\/v2\/comments?post=642"}],"version-history":[{"count":25,"href":"https:\/\/aurelux.lu\/index.php\/wp-json\/wp\/v2\/pages\/642\/revisions"}],"predecessor-version":[{"id":1104,"href":"https:\/\/aurelux.lu\/index.php\/wp-json\/wp\/v2\/pages\/642\/revisions\/1104"}],"wp:attachment":[{"href":"https:\/\/aurelux.lu\/index.php\/wp-json\/wp\/v2\/media?parent=642"}],"curies":[{"name":"wp","href":"https:\/\/api.w.org\/{rel}","templated":true}]}}