{"id":643,"date":"2021-04-05T09:35:23","date_gmt":"2021-04-05T08:35:23","guid":{"rendered":"https:\/\/test.julienkessels.xyz\/?page_id=643"},"modified":"2021-12-27T14:49:36","modified_gmt":"2021-12-27T14:49:36","slug":"luxquiz","status":"publish","type":"page","link":"https:\/\/aurelux.lu\/index.php\/luxquiz\/","title":{"rendered":"Luxquiz"},"content":{"rendered":"\t\t<div data-elementor-type=\"wp-page\" data-elementor-id=\"643\" class=\"elementor elementor-643\">\n\t\t\t\t\r\n\t\t<section class=\"elementor-section elementor-top-section elementor-element elementor-element-6c70a41 elementor-section-boxed elementor-section-height-default elementor-section-height-default false\" data-id=\"6c70a41\" data-element_type=\"section\">\n\t\t\t\t\t\t<div class=\"elementor-container elementor-column-gap-default\">\n\t\t\t\t\t<div class=\"elementor-column elementor-col-100 elementor-top-column elementor-element elementor-element-8fe5836\" data-id=\"8fe5836\" data-element_type=\"column\">\n\t\t\t<div class=\"elementor-widget-wrap elementor-element-populated\">\n\t\t\t\t\t\t<div class=\"elementor-element elementor-element-5668837 false elementor-widget elementor-widget-heading\" data-id=\"5668837\" data-element_type=\"widget\" data-widget_type=\"heading.default\">\n\t\t\t\t<div class=\"elementor-widget-container\">\n\t\t\t\t\t<h2 class=\"elementor-heading-title elementor-size-default\">Kr\u00e4izwuertr\u00e4tsel op L\u00ebtzebuergesch!\n\n<\/h2>\t\t\t\t<\/div>\n\t\t\t\t<\/div>\n\t\t\t\t\t<\/div>\n\t\t<\/div>\n\t\t\t\t\t<\/div>\n\t\t<\/section>\n\t\t\t\t<section class=\"elementor-section elementor-top-section elementor-element elementor-element-a5f4ddf elementor-section-boxed elementor-section-height-default elementor-section-height-default false\" data-id=\"a5f4ddf\" data-element_type=\"section\">\n\t\t\t\t\t\t<div class=\"elementor-container elementor-column-gap-default\">\n\t\t\t\t\t<div class=\"elementor-column elementor-col-33 elementor-top-column elementor-element elementor-element-33e1df5\" data-id=\"33e1df5\" data-element_type=\"column\">\n\t\t\t<div class=\"elementor-widget-wrap\">\n\t\t\t\t\t\t\t<\/div>\n\t\t<\/div>\n\t\t\t\t<div class=\"elementor-column elementor-col-33 elementor-top-column elementor-element elementor-element-f69d6fa\" data-id=\"f69d6fa\" data-element_type=\"column\">\n\t\t\t<div class=\"elementor-widget-wrap elementor-element-populated\">\n\t\t\t\t\t\t<div class=\"elementor-element elementor-element-e6b7fef false elementor-widget elementor-widget-heading\" data-id=\"e6b7fef\" data-element_type=\"widget\" data-widget_type=\"heading.default\">\n\t\t\t\t<div class=\"elementor-widget-container\">\n\t\t\t\t\t<h6 class=\"elementor-heading-title elementor-size-default\">Avec plus de 100 grilles et trois niveaux de difficult\u00e9, LuxQuiz s'adresse aussi bien aux personnes souhaitant apprendre le luxembourgeois, qu'aux confirm\u00e9s d\u00e9sirant se divertir.\n<\/h6>\t\t\t\t<\/div>\n\t\t\t\t<\/div>\n\t\t\t\t\t<\/div>\n\t\t<\/div>\n\t\t\t\t<div class=\"elementor-column elementor-col-33 elementor-top-column elementor-element elementor-element-793dc21\" data-id=\"793dc21\" data-element_type=\"column\">\n\t\t\t<div class=\"elementor-widget-wrap\">\n\t\t\t\t\t\t\t<\/div>\n\t\t<\/div>\n\t\t\t\t\t<\/div>\n\t\t<\/section>\n\t\t\t\t<section class=\"elementor-section elementor-top-section elementor-element elementor-element-ad73e7c elementor-section-boxed elementor-section-height-default elementor-section-height-default false\" data-id=\"ad73e7c\" data-element_type=\"section\">\n\t\t\t\t\t\t<div class=\"elementor-container elementor-column-gap-default\">\n\t\t\t\t\t<div class=\"elementor-column elementor-col-100 elementor-top-column elementor-element elementor-element-2f04463\" data-id=\"2f04463\" data-element_type=\"column\">\n\t\t\t<div class=\"elementor-widget-wrap elementor-element-populated\">\n\t\t\t\t\t\t<div class=\"elementor-element elementor-element-528f95d none none false false none-data-animation false elementor-widget elementor-widget-image\" data-id=\"528f95d\" data-element_type=\"widget\" data-widget_type=\"image.default\">\n\t\t\t\t<div class=\"elementor-widget-container\">\n\t\t\t\t\t\t\t\t\t\t\t\t\t\t\t<img fetchpriority=\"high\" decoding=\"async\" width=\"1136\" height=\"1127\" src=\"https:\/\/aurelux.lu\/wp-content\/uploads\/2021\/12\/example.png\" class=\"attachment-full size-full wp-image-1011\" alt=\"\" srcset=\"https:\/\/aurelux.lu\/wp-content\/uploads\/2021\/12\/example.png 1136w, https:\/\/aurelux.lu\/wp-content\/uploads\/2021\/12\/example-100x100.png 100w, https:\/\/aurelux.lu\/wp-content\/uploads\/2021\/12\/example-600x595.png 600w, https:\/\/aurelux.lu\/wp-content\/uploads\/2021\/12\/example-300x298.png 300w, https:\/\/aurelux.lu\/wp-content\/uploads\/2021\/12\/example-1024x1016.png 1024w, https:\/\/aurelux.lu\/wp-content\/uploads\/2021\/12\/example-150x150.png 150w, https:\/\/aurelux.lu\/wp-content\/uploads\/2021\/12\/example-768x762.png 768w, https:\/\/aurelux.lu\/wp-content\/uploads\/2021\/12\/example-12x12.png 12w\" sizes=\"(max-width: 1136px) 100vw, 1136px\" \/>\t\t\t\t\t\t\t\t\t\t\t\t\t\t\t<\/div>\n\t\t\t\t<\/div>\n\t\t\t\t\t<\/div>\n\t\t<\/div>\n\t\t\t\t\t<\/div>\n\t\t<\/section>\n\t\t\t\t<section class=\"elementor-section elementor-top-section elementor-element elementor-element-3d05e838 elementor-section-boxed elementor-section-height-default elementor-section-height-default false\" data-id=\"3d05e838\" data-element_type=\"section\" data-settings=\"{&quot;background_background&quot;:&quot;classic&quot;}\">\n\t\t\t\t\t\t<div class=\"elementor-container elementor-column-gap-default\">\n\t\t\t\t\t<div class=\"elementor-column elementor-col-20 elementor-top-column elementor-element elementor-element-50507506\" data-id=\"50507506\" data-element_type=\"column\">\n\t\t\t<div class=\"elementor-widget-wrap\">\n\t\t\t\t\t\t\t<\/div>\n\t\t<\/div>\n\t\t\t\t<div class=\"elementor-column elementor-col-20 elementor-top-column elementor-element elementor-element-434c8fe3\" data-id=\"434c8fe3\" data-element_type=\"column\">\n\t\t\t<div class=\"elementor-widget-wrap elementor-element-populated\">\n\t\t\t\t\t\t<div class=\"elementor-element elementor-element-20921310 none none false false none-data-animation false elementor-widget elementor-widget-image\" data-id=\"20921310\" data-element_type=\"widget\" data-widget_type=\"image.default\">\n\t\t\t\t<div class=\"elementor-widget-container\">\n\t\t\t\t\t\t\t\t\t\t\t\t\t\t\t\t<a href=\"https:\/\/itunes.apple.com\/\/app\/luxquiz\/id1390823591?ls=1&#038;mt=8\">\n\t\t\t\t\t\t\t<img decoding=\"async\" width=\"200\" height=\"60\" src=\"https:\/\/aurelux.lu\/wp-content\/uploads\/2021\/04\/appstore.png\" class=\"attachment-large size-large wp-image-598\" alt=\"\" \/>\t\t\t\t\t\t\t\t<\/a>\n\t\t\t\t\t\t\t\t\t\t\t\t\t\t\t<\/div>\n\t\t\t\t<\/div>\n\t\t\t\t\t<\/div>\n\t\t<\/div>\n\t\t\t\t<div class=\"elementor-column elementor-col-20 elementor-top-column elementor-element elementor-element-214dc65c\" data-id=\"214dc65c\" data-element_type=\"column\">\n\t\t\t<div class=\"elementor-widget-wrap elementor-element-populated\">\n\t\t\t\t\t\t<div class=\"elementor-element elementor-element-69c18280 elementor-align-center elementor-widget elementor-widget-button\" data-id=\"69c18280\" data-element_type=\"widget\" data-widget_type=\"button.default\">\n\t\t\t\t<div class=\"elementor-widget-container\">\n\t\t\t\t\t\t\t\t\t<div class=\"elementor-button-wrapper\">\n\t\t\t\t\t<a class=\"elementor-button elementor-button-link elementor-size-sm\" href=\"https:\/\/aurelux.lu\/luxquiz.php\">\n\t\t\t\t\t\t<span class=\"elementor-button-content-wrapper\">\n\t\t\t\t\t\t\t\t\t<span class=\"elementor-button-text\">T\u00e9l\u00e9charger<\/span>\n\t\t\t\t\t<\/span>\n\t\t\t\t\t<\/a>\n\t\t\t\t<\/div>\n\t\t\t\t\t\t\t\t<\/div>\n\t\t\t\t<\/div>\n\t\t\t\t\t<\/div>\n\t\t<\/div>\n\t\t\t\t<div class=\"elementor-column elementor-col-20 elementor-top-column elementor-element elementor-element-139ec062\" data-id=\"139ec062\" data-element_type=\"column\">\n\t\t\t<div class=\"elementor-widget-wrap elementor-element-populated\">\n\t\t\t\t\t\t<div class=\"elementor-element elementor-element-39ae8028 none none false false none-data-animation false elementor-widget elementor-widget-image\" data-id=\"39ae8028\" data-element_type=\"widget\" data-widget_type=\"image.default\">\n\t\t\t\t<div class=\"elementor-widget-container\">\n\t\t\t\t\t\t\t\t\t\t\t\t\t\t\t\t<a href=\"https:\/\/play.google.com\/store\/apps\/details?id=com.kraizwuertratsel\">\n\t\t\t\t\t\t\t<img decoding=\"async\" width=\"200\" height=\"60\" src=\"https:\/\/aurelux.lu\/wp-content\/uploads\/2021\/04\/playstore.png\" class=\"attachment-large size-large wp-image-599\" alt=\"\" \/>\t\t\t\t\t\t\t\t<\/a>\n\t\t\t\t\t\t\t\t\t\t\t\t\t\t\t<\/div>\n\t\t\t\t<\/div>\n\t\t\t\t\t<\/div>\n\t\t<\/div>\n\t\t\t\t<div class=\"elementor-column elementor-col-20 elementor-top-column elementor-element elementor-element-611f75f9\" data-id=\"611f75f9\" data-element_type=\"column\">\n\t\t\t<div class=\"elementor-widget-wrap\">\n\t\t\t\t\t\t\t<\/div>\n\t\t<\/div>\n\t\t\t\t\t<\/div>\n\t\t<\/section>\n\t\t\t\t<\/div>\n\t\t","protected":false},"excerpt":{"rendered":"<p>Kr\u00e4izwuertr\u00e4tsel op L\u00ebtzebuergesch! Avec plus de 100 grilles et trois niveaux de difficult\u00e9, LuxQuiz s&#8217;adresse aussi bien aux personnes souhaitant apprendre le luxembourgeois, qu&#8217;aux confirm\u00e9s d\u00e9sirant se divertir. T\u00e9l\u00e9charger<\/p>\n","protected":false},"author":1,"featured_media":0,"parent":0,"menu_order":0,"comment_status":"closed","ping_status":"closed","template":"","meta":{"content-type":"","footnotes":""},"class_list":["post-643","page","type-page","status-publish","hentry"],"yoast_head":"<!-- This site is optimized with the Yoast SEO plugin v26.5 - https:\/\/yoast.com\/wordpress\/plugins\/seo\/ -->\n<title>Luxquiz - Aurelux : Language Courses<\/title>\n<meta name=\"robots\" content=\"index, follow, max-snippet:-1, max-image-preview:large, max-video-preview:-1\" \/>\n<link rel=\"canonical\" href=\"https:\/\/aurelux.lu\/index.php\/luxquiz\/\" \/>\n<meta property=\"og:locale\" content=\"fr_FR\" \/>\n<meta property=\"og:type\" content=\"article\" \/>\n<meta property=\"og:title\" content=\"Luxquiz - Aurelux : Language Courses\" \/>\n<meta property=\"og:description\" content=\"Kr\u00e4izwuertr\u00e4tsel op L\u00ebtzebuergesch! Avec plus de 100 grilles et trois niveaux de difficult\u00e9, LuxQuiz s&#8217;adresse aussi bien aux personnes souhaitant apprendre le luxembourgeois, qu&#8217;aux confirm\u00e9s d\u00e9sirant se divertir. T\u00e9l\u00e9charger\" \/>\n<meta property=\"og:url\" content=\"https:\/\/aurelux.lu\/index.php\/luxquiz\/\" \/>\n<meta property=\"og:site_name\" content=\"Aurelux : Language Courses\" \/>\n<meta property=\"article:publisher\" content=\"https:\/\/www.facebook.com\/aurelux\" \/>\n<meta property=\"article:modified_time\" content=\"2021-12-27T14:49:36+00:00\" \/>\n<meta property=\"og:image\" content=\"https:\/\/aurelux.lu\/wp-content\/uploads\/2021\/12\/example.png\" \/>\n<meta name=\"twitter:card\" content=\"summary_large_image\" \/>\n<script type=\"application\/ld+json\" class=\"yoast-schema-graph\">{\"@context\":\"https:\/\/schema.org\",\"@graph\":[{\"@type\":\"WebPage\",\"@id\":\"https:\/\/aurelux.lu\/index.php\/luxquiz\/\",\"url\":\"https:\/\/aurelux.lu\/index.php\/luxquiz\/\",\"name\":\"Luxquiz - Aurelux : Language Courses\",\"isPartOf\":{\"@id\":\"https:\/\/aurelux.lu\/#website\"},\"primaryImageOfPage\":{\"@id\":\"https:\/\/aurelux.lu\/index.php\/luxquiz\/#primaryimage\"},\"image\":{\"@id\":\"https:\/\/aurelux.lu\/index.php\/luxquiz\/#primaryimage\"},\"thumbnailUrl\":\"https:\/\/aurelux.lu\/wp-content\/uploads\/2021\/12\/example.png\",\"datePublished\":\"2021-04-05T08:35:23+00:00\",\"dateModified\":\"2021-12-27T14:49:36+00:00\",\"breadcrumb\":{\"@id\":\"https:\/\/aurelux.lu\/index.php\/luxquiz\/#breadcrumb\"},\"inLanguage\":\"fr-FR\",\"potentialAction\":[{\"@type\":\"ReadAction\",\"target\":[\"https:\/\/aurelux.lu\/index.php\/luxquiz\/\"]}]},{\"@type\":\"ImageObject\",\"inLanguage\":\"fr-FR\",\"@id\":\"https:\/\/aurelux.lu\/index.php\/luxquiz\/#primaryimage\",\"url\":\"https:\/\/aurelux.lu\/wp-content\/uploads\/2021\/12\/example.png\",\"contentUrl\":\"https:\/\/aurelux.lu\/wp-content\/uploads\/2021\/12\/example.png\",\"width\":1136,\"height\":1127},{\"@type\":\"BreadcrumbList\",\"@id\":\"https:\/\/aurelux.lu\/index.php\/luxquiz\/#breadcrumb\",\"itemListElement\":[{\"@type\":\"ListItem\",\"position\":1,\"name\":\"Home\",\"item\":\"https:\/\/aurelux.lu\/\"},{\"@type\":\"ListItem\",\"position\":2,\"name\":\"Luxquiz\"}]},{\"@type\":\"WebSite\",\"@id\":\"https:\/\/aurelux.lu\/#website\",\"url\":\"https:\/\/aurelux.lu\/\",\"name\":\"Aurelux\",\"description\":\"Application pour apprendre le luxembourgeois\",\"publisher\":{\"@id\":\"https:\/\/aurelux.lu\/#organization\"},\"potentialAction\":[{\"@type\":\"SearchAction\",\"target\":{\"@type\":\"EntryPoint\",\"urlTemplate\":\"https:\/\/aurelux.lu\/?s={search_term_string}\"},\"query-input\":{\"@type\":\"PropertyValueSpecification\",\"valueRequired\":true,\"valueName\":\"search_term_string\"}}],\"inLanguage\":\"fr-FR\"},{\"@type\":\"Organization\",\"@id\":\"https:\/\/aurelux.lu\/#organization\",\"name\":\"Aurelux\",\"url\":\"https:\/\/aurelux.lu\/\",\"logo\":{\"@type\":\"ImageObject\",\"inLanguage\":\"fr-FR\",\"@id\":\"https:\/\/aurelux.lu\/#\/schema\/logo\/image\/\",\"url\":\"https:\/\/aurelux.lu\/wp-content\/uploads\/2025\/08\/cropped-Mask-1.png\",\"contentUrl\":\"https:\/\/aurelux.lu\/wp-content\/uploads\/2025\/08\/cropped-Mask-1.png\",\"width\":512,\"height\":512,\"caption\":\"Aurelux\"},\"image\":{\"@id\":\"https:\/\/aurelux.lu\/#\/schema\/logo\/image\/\"},\"sameAs\":[\"https:\/\/www.facebook.com\/aurelux\",\"https:\/\/www.instagram.com\/aurelux_sarl\/\"]}]}<\/script>\n<!-- \/ Yoast SEO plugin. -->","yoast_head_json":{"title":"Luxquiz - Aurelux : Language Courses","robots":{"index":"index","follow":"follow","max-snippet":"max-snippet:-1","max-image-preview":"max-image-preview:large","max-video-preview":"max-video-preview:-1"},"canonical":"https:\/\/aurelux.lu\/index.php\/luxquiz\/","og_locale":"fr_FR","og_type":"article","og_title":"Luxquiz - Aurelux : Language Courses","og_description":"Kr\u00e4izwuertr\u00e4tsel op L\u00ebtzebuergesch! Avec plus de 100 grilles et trois niveaux de difficult\u00e9, LuxQuiz s&#8217;adresse aussi bien aux personnes souhaitant apprendre le luxembourgeois, qu&#8217;aux confirm\u00e9s d\u00e9sirant se divertir. T\u00e9l\u00e9charger","og_url":"https:\/\/aurelux.lu\/index.php\/luxquiz\/","og_site_name":"Aurelux : Language Courses","article_publisher":"https:\/\/www.facebook.com\/aurelux","article_modified_time":"2021-12-27T14:49:36+00:00","og_image":[{"url":"https:\/\/aurelux.lu\/wp-content\/uploads\/2021\/12\/example.png","type":"","width":"","height":""}],"twitter_card":"summary_large_image","schema":{"@context":"https:\/\/schema.org","@graph":[{"@type":"WebPage","@id":"https:\/\/aurelux.lu\/index.php\/luxquiz\/","url":"https:\/\/aurelux.lu\/index.php\/luxquiz\/","name":"Luxquiz - Aurelux : Language Courses","isPartOf":{"@id":"https:\/\/aurelux.lu\/#website"},"primaryImageOfPage":{"@id":"https:\/\/aurelux.lu\/index.php\/luxquiz\/#primaryimage"},"image":{"@id":"https:\/\/aurelux.lu\/index.php\/luxquiz\/#primaryimage"},"thumbnailUrl":"https:\/\/aurelux.lu\/wp-content\/uploads\/2021\/12\/example.png","datePublished":"2021-04-05T08:35:23+00:00","dateModified":"2021-12-27T14:49:36+00:00","breadcrumb":{"@id":"https:\/\/aurelux.lu\/index.php\/luxquiz\/#breadcrumb"},"inLanguage":"fr-FR","potentialAction":[{"@type":"ReadAction","target":["https:\/\/aurelux.lu\/index.php\/luxquiz\/"]}]},{"@type":"ImageObject","inLanguage":"fr-FR","@id":"https:\/\/aurelux.lu\/index.php\/luxquiz\/#primaryimage","url":"https:\/\/aurelux.lu\/wp-content\/uploads\/2021\/12\/example.png","contentUrl":"https:\/\/aurelux.lu\/wp-content\/uploads\/2021\/12\/example.png","width":1136,"height":1127},{"@type":"BreadcrumbList","@id":"https:\/\/aurelux.lu\/index.php\/luxquiz\/#breadcrumb","itemListElement":[{"@type":"ListItem","position":1,"name":"Home","item":"https:\/\/aurelux.lu\/"},{"@type":"ListItem","position":2,"name":"Luxquiz"}]},{"@type":"WebSite","@id":"https:\/\/aurelux.lu\/#website","url":"https:\/\/aurelux.lu\/","name":"Aurelux","description":"Application pour apprendre le luxembourgeois","publisher":{"@id":"https:\/\/aurelux.lu\/#organization"},"potentialAction":[{"@type":"SearchAction","target":{"@type":"EntryPoint","urlTemplate":"https:\/\/aurelux.lu\/?s={search_term_string}"},"query-input":{"@type":"PropertyValueSpecification","valueRequired":true,"valueName":"search_term_string"}}],"inLanguage":"fr-FR"},{"@type":"Organization","@id":"https:\/\/aurelux.lu\/#organization","name":"Aurelux","url":"https:\/\/aurelux.lu\/","logo":{"@type":"ImageObject","inLanguage":"fr-FR","@id":"https:\/\/aurelux.lu\/#\/schema\/logo\/image\/","url":"https:\/\/aurelux.lu\/wp-content\/uploads\/2025\/08\/cropped-Mask-1.png","contentUrl":"https:\/\/aurelux.lu\/wp-content\/uploads\/2025\/08\/cropped-Mask-1.png","width":512,"height":512,"caption":"Aurelux"},"image":{"@id":"https:\/\/aurelux.lu\/#\/schema\/logo\/image\/"},"sameAs":["https:\/\/www.facebook.com\/aurelux","https:\/\/www.instagram.com\/aurelux_sarl\/"]}]}},"_links":{"self":[{"href":"https:\/\/aurelux.lu\/index.php\/wp-json\/wp\/v2\/pages\/643","targetHints":{"allow":["GET"]}}],"collection":[{"href":"https:\/\/aurelux.lu\/index.php\/wp-json\/wp\/v2\/pages"}],"about":[{"href":"https:\/\/aurelux.lu\/index.php\/wp-json\/wp\/v2\/types\/page"}],"author":[{"embeddable":true,"href":"https:\/\/aurelux.lu\/index.php\/wp-json\/wp\/v2\/users\/1"}],"replies":[{"embeddable":true,"href":"https:\/\/aurelux.lu\/index.php\/wp-json\/wp\/v2\/comments?post=643"}],"version-history":[{"count":16,"href":"https:\/\/aurelux.lu\/index.php\/wp-json\/wp\/v2\/pages\/643\/revisions"}],"predecessor-version":[{"id":1094,"href":"https:\/\/aurelux.lu\/index.php\/wp-json\/wp\/v2\/pages\/643\/revisions\/1094"}],"wp:attachment":[{"href":"https:\/\/aurelux.lu\/index.php\/wp-json\/wp\/v2\/media?parent=643"}],"curies":[{"name":"wp","href":"https:\/\/api.w.org\/{rel}","templated":true}]}}